{"id":9296,"date":"2020-03-07T00:04:05","date_gmt":"2020-03-06T23:04:05","guid":{"rendered":"http:\/\/tiexianlian.cn\/plants-in-containers\/"},"modified":"2020-05-07T10:12:42","modified_gmt":"2020-05-07T08:12:42","slug":"plants-in-containers","status":"publish","type":"page","link":"http:\/\/tiexianlian.cn\/zh-hant\/wholesale-offer\/plants-in-containers\/","title":{"rendered":"\u5bb9\u5668\u4e2d\u7684\u690d\u7269"},"content":{"rendered":"<p>We can offer\u00a0<strong>Clematis and other garden climbers in pots P7 (7&#215;7 cm), P9 (9&#215;9 cm) and in containers C2 (14 cm).<\/strong>\u00a0Plants in C2 have 2 or more shoots over 60 cm long on 90 cm bamboo cane.<\/p>\n<p>Some plants could be\u00a0<strong>ready for sale<\/strong>\u00a0in August but most of them we can offer for September and October Delivery.<\/p>\n<p>They\u00a0<strong>could be packed<\/strong>\u00a0into wooden boxes 40x60x24 cm or into pallet boxes and taken from our nursery by customer lorry.<\/p>\n<p>The\u00a0<strong>lowest accepted order<\/strong>\u00a0is 2000 plants in C2 or 4000 plants in P7 or P9.<\/p>\n<p>If you need more information please contact us.<\/p>\n<div id='gallery-1' class='gallery galleryid-9296 gallery-columns-3 gallery-size-full'><dl class='gallery-item'>\n\t\t\t<dt class='gallery-icon portrait'>\n\t\t\t\t<a href='http:\/\/tiexianlian.cn\/wp-content\/uploads\/2020\/03\/01asortyment_clematis_c2_2.jpg'><img loading=\"lazy\" decoding=\"async\" width=\"218\" height=\"327\" src=\"http:\/\/tiexianlian.cn\/wp-content\/uploads\/2020\/03\/01asortyment_clematis_c2_2.jpg\" class=\"attachment-full size-full\" alt=\"\" aria-describedby=\"gallery-1-65\" srcset=\"http:\/\/tiexianlian.cn\/wp-content\/uploads\/2020\/03\/01asortyment_clematis_c2_2.jpg 218w, http:\/\/tiexianlian.cn\/wp-content\/uploads\/2020\/03\/01asortyment_clematis_c2_2-200x300.jpg 200w\" sizes=\"auto, (max-width: 218px) 100vw, 218px\" \/><\/a>\n\t\t\t<\/dt>\n\t\t\t\t<dd class='wp-caption-text gallery-caption' id='gallery-1-65'>\n\t\t\t\tlematis in C2 containers\n\t\t\t\t<\/dd><\/dl><dl class='gallery-item'>\n\t\t\t<dt class='gallery-icon portrait'>\n\t\t\t\t<a href='http:\/\/tiexianlian.cn\/wp-content\/uploads\/2020\/03\/01asortyment_clematis_korzenie.jpg'><img loading=\"lazy\" decoding=\"async\" width=\"218\" height=\"327\" src=\"http:\/\/tiexianlian.cn\/wp-content\/uploads\/2020\/03\/01asortyment_clematis_korzenie.jpg\" class=\"attachment-full size-full\" alt=\"\" aria-describedby=\"gallery-1-67\" srcset=\"http:\/\/tiexianlian.cn\/wp-content\/uploads\/2020\/03\/01asortyment_clematis_korzenie.jpg 218w, http:\/\/tiexianlian.cn\/wp-content\/uploads\/2020\/03\/01asortyment_clematis_korzenie-200x300.jpg 200w\" sizes=\"auto, (max-width: 218px) 100vw, 218px\" \/><\/a>\n\t\t\t<\/dt>\n\t\t\t\t<dd class='wp-caption-text gallery-caption' id='gallery-1-67'>\n\t\t\t\tClematis in C2 with bamboo cane 90 cm long and with pruned cane 10 cm above pot\n\t\t\t\t<\/dd><\/dl><dl class='gallery-item'>\n\t\t\t<dt class='gallery-icon portrait'>\n\t\t\t\t<a href='http:\/\/tiexianlian.cn\/wp-content\/uploads\/2020\/03\/01eksport_sadzonki_zielone.jpg'><img loading=\"lazy\" decoding=\"async\" width=\"218\" height=\"327\" src=\"http:\/\/tiexianlian.cn\/wp-content\/uploads\/2020\/03\/01eksport_sadzonki_zielone.jpg\" class=\"attachment-full size-full\" alt=\"\" aria-describedby=\"gallery-1-69\" srcset=\"http:\/\/tiexianlian.cn\/wp-content\/uploads\/2020\/03\/01eksport_sadzonki_zielone.jpg 218w, http:\/\/tiexianlian.cn\/wp-content\/uploads\/2020\/03\/01eksport_sadzonki_zielone-200x300.jpg 200w\" sizes=\"auto, (max-width: 218px) 100vw, 218px\" \/><\/a>\n\t\t\t<\/dt>\n\t\t\t\t<dd class='wp-caption-text gallery-caption' id='gallery-1-69'>\n\t\t\t\tRoots in C2 containers\n\t\t\t\t<\/dd><\/dl><br style=\"clear: both\" \/>\n\t\t<\/div>\n\n<div id='gallery-2' class='gallery galleryid-9296 gallery-columns-2 gallery-size-full'><dl class='gallery-item'>\n\t\t\t<dt class='gallery-icon landscape'>\n\t\t\t\t<a href='http:\/\/tiexianlian.cn\/wp-content\/uploads\/2020\/03\/02asortyment_clematis_c2p9p7.jpg'><img loading=\"lazy\" decoding=\"async\" width=\"340\" height=\"227\" src=\"http:\/\/tiexianlian.cn\/wp-content\/uploads\/2020\/03\/02asortyment_clematis_c2p9p7.jpg\" class=\"attachment-full size-full\" alt=\"\" aria-describedby=\"gallery-2-74\" srcset=\"http:\/\/tiexianlian.cn\/wp-content\/uploads\/2020\/03\/02asortyment_clematis_c2p9p7.jpg 340w, http:\/\/tiexianlian.cn\/wp-content\/uploads\/2020\/03\/02asortyment_clematis_c2p9p7-300x200.jpg 300w\" sizes=\"auto, (max-width: 340px) 100vw, 340px\" \/><\/a>\n\t\t\t<\/dt>\n\t\t\t\t<dd class='wp-caption-text gallery-caption' id='gallery-2-74'>\n\t\t\t\tClematis in C2, P9 and P7 containers \n\t\t\t\t<\/dd><\/dl><dl class='gallery-item'>\n\t\t\t<dt class='gallery-icon landscape'>\n\t\t\t\t<a href='http:\/\/tiexianlian.cn\/wp-content\/uploads\/2020\/03\/02asortyment_clematis_p9p7.jpg'><img loading=\"lazy\" decoding=\"async\" width=\"340\" height=\"227\" src=\"http:\/\/tiexianlian.cn\/wp-content\/uploads\/2020\/03\/02asortyment_clematis_p9p7.jpg\" class=\"attachment-full size-full\" alt=\"\" aria-describedby=\"gallery-2-76\" srcset=\"http:\/\/tiexianlian.cn\/wp-content\/uploads\/2020\/03\/02asortyment_clematis_p9p7.jpg 340w, http:\/\/tiexianlian.cn\/wp-content\/uploads\/2020\/03\/02asortyment_clematis_p9p7-300x200.jpg 300w\" sizes=\"auto, (max-width: 340px) 100vw, 340px\" \/><\/a>\n\t\t\t<\/dt>\n\t\t\t\t<dd class='wp-caption-text gallery-caption' id='gallery-2-76'>\n\t\t\t\tClematis roots in pots P9 and P7 \n\t\t\t\t<\/dd><\/dl><br style=\"clear: both\" \/>\n\t\t<\/div>\n\n<div id='gallery-3' class='gallery galleryid-9296 gallery-columns-3 gallery-size-full'><dl class='gallery-item'>\n\t\t\t<dt class='gallery-icon portrait'>\n\t\t\t\t<a href='http:\/\/tiexianlian.cn\/zh-hant\/plants-in-containers\/attachment\/03asortyment-celastrus-hedera-2\/'><img loading=\"lazy\" decoding=\"async\" width=\"218\" height=\"327\" src=\"http:\/\/tiexianlian.cn\/wp-content\/uploads\/2020\/03\/03asortyment_celastrus_hedera.jpg\" class=\"attachment-full size-full\" alt=\"\" aria-describedby=\"gallery-3-79\" srcset=\"http:\/\/tiexianlian.cn\/wp-content\/uploads\/2020\/03\/03asortyment_celastrus_hedera.jpg 218w, http:\/\/tiexianlian.cn\/wp-content\/uploads\/2020\/03\/03asortyment_celastrus_hedera-200x300.jpg 200w\" sizes=\"auto, (max-width: 218px) 100vw, 218px\" \/><\/a>\n\t\t\t<\/dt>\n\t\t\t\t<dd class='wp-caption-text gallery-caption' id='gallery-3-79'>\n\t\t\t\tCelastrus in C10, C2 containers and Hedera in pot P9\n\t\t\t\t<\/dd><\/dl><dl class='gallery-item'>\n\t\t\t<dt class='gallery-icon portrait'>\n\t\t\t\t<a href='http:\/\/tiexianlian.cn\/zh-hant\/plants-in-containers\/attachment\/03asortyment-clematis-p9-1-2\/'><img loading=\"lazy\" decoding=\"async\" width=\"218\" height=\"327\" src=\"http:\/\/tiexianlian.cn\/wp-content\/uploads\/2020\/03\/03asortyment_clematis_p9_1.jpg\" class=\"attachment-full size-full\" alt=\"\" aria-describedby=\"gallery-3-81\" srcset=\"http:\/\/tiexianlian.cn\/wp-content\/uploads\/2020\/03\/03asortyment_clematis_p9_1.jpg 218w, http:\/\/tiexianlian.cn\/wp-content\/uploads\/2020\/03\/03asortyment_clematis_p9_1-200x300.jpg 200w\" sizes=\"auto, (max-width: 218px) 100vw, 218px\" \/><\/a>\n\t\t\t<\/dt>\n\t\t\t\t<dd class='wp-caption-text gallery-caption' id='gallery-3-81'>\n\t\t\t\tClematis in pots P9\n\t\t\t\t<\/dd><\/dl><dl class='gallery-item'>\n\t\t\t<dt class='gallery-icon portrait'>\n\t\t\t\t<a href='http:\/\/tiexianlian.cn\/zh-hant\/plants-in-containers\/attachment\/03basortyment-clematis-p9-2-2\/'><img loading=\"lazy\" decoding=\"async\" width=\"218\" height=\"327\" src=\"http:\/\/tiexianlian.cn\/wp-content\/uploads\/2020\/03\/03basortyment_clematis_p9_2.jpg\" class=\"attachment-full size-full\" alt=\"\" aria-describedby=\"gallery-3-83\" srcset=\"http:\/\/tiexianlian.cn\/wp-content\/uploads\/2020\/03\/03basortyment_clematis_p9_2.jpg 218w, http:\/\/tiexianlian.cn\/wp-content\/uploads\/2020\/03\/03basortyment_clematis_p9_2-200x300.jpg 200w\" sizes=\"auto, (max-width: 218px) 100vw, 218px\" \/><\/a>\n\t\t\t<\/dt>\n\t\t\t\t<dd class='wp-caption-text gallery-caption' id='gallery-3-83'>\n\t\t\t\tClematis roots in pot P9\n\t\t\t\t<\/dd><\/dl><br style=\"clear: both\" \/>\n\t\t<\/div>\n\n<div id='gallery-4' class='gallery galleryid-9296 gallery-columns-3 gallery-size-full'><dl class='gallery-item'>\n\t\t\t<dt class='gallery-icon portrait'>\n\t\t\t\t<a href='http:\/\/tiexianlian.cn\/wp-content\/uploads\/2020\/03\/04aasortyment_clematis_p9_widok.jpg'><img loading=\"lazy\" decoding=\"async\" width=\"218\" height=\"327\" src=\"http:\/\/tiexianlian.cn\/wp-content\/uploads\/2020\/03\/04aasortyment_clematis_p9_widok.jpg\" class=\"attachment-full size-full\" alt=\"\" aria-describedby=\"gallery-4-88\" srcset=\"http:\/\/tiexianlian.cn\/wp-content\/uploads\/2020\/03\/04aasortyment_clematis_p9_widok.jpg 218w, http:\/\/tiexianlian.cn\/wp-content\/uploads\/2020\/03\/04aasortyment_clematis_p9_widok-200x300.jpg 200w\" sizes=\"auto, (max-width: 218px) 100vw, 218px\" \/><\/a>\n\t\t\t<\/dt>\n\t\t\t\t<dd class='wp-caption-text gallery-caption' id='gallery-4-88'>\n\t\t\t\tClematis in pots P9 &#8211; view on nursery plots\n\t\t\t\t<\/dd><\/dl><dl class='gallery-item'>\n\t\t\t<dt class='gallery-icon portrait'>\n\t\t\t\t<a href='http:\/\/tiexianlian.cn\/wp-content\/uploads\/2020\/03\/04basortyment_pnacza_p9_widok.jpg'><img loading=\"lazy\" decoding=\"async\" width=\"218\" height=\"327\" src=\"http:\/\/tiexianlian.cn\/wp-content\/uploads\/2020\/03\/04basortyment_pnacza_p9_widok.jpg\" class=\"attachment-full size-full\" alt=\"\" aria-describedby=\"gallery-4-90\" srcset=\"http:\/\/tiexianlian.cn\/wp-content\/uploads\/2020\/03\/04basortyment_pnacza_p9_widok.jpg 218w, http:\/\/tiexianlian.cn\/wp-content\/uploads\/2020\/03\/04basortyment_pnacza_p9_widok-200x300.jpg 200w\" sizes=\"auto, (max-width: 218px) 100vw, 218px\" \/><\/a>\n\t\t\t<\/dt>\n\t\t\t\t<dd class='wp-caption-text gallery-caption' id='gallery-4-90'>\n\t\t\t\tClimbers in pots P9 &#8211; view on nursery plots\n\t\t\t\t<\/dd><\/dl><dl class='gallery-item'>\n\t\t\t<dt class='gallery-icon portrait'>\n\t\t\t\t<a href='http:\/\/tiexianlian.cn\/wp-content\/uploads\/2020\/03\/04casortyment_actinidia_c2.jpg'><img loading=\"lazy\" decoding=\"async\" width=\"218\" height=\"327\" src=\"http:\/\/tiexianlian.cn\/wp-content\/uploads\/2020\/03\/04casortyment_actinidia_c2.jpg\" class=\"attachment-full size-full\" alt=\"\" aria-describedby=\"gallery-4-92\" srcset=\"http:\/\/tiexianlian.cn\/wp-content\/uploads\/2020\/03\/04casortyment_actinidia_c2.jpg 218w, http:\/\/tiexianlian.cn\/wp-content\/uploads\/2020\/03\/04casortyment_actinidia_c2-200x300.jpg 200w\" sizes=\"auto, (max-width: 218px) 100vw, 218px\" \/><\/a>\n\t\t\t<\/dt>\n\t\t\t\t<dd class='wp-caption-text gallery-caption' id='gallery-4-92'>\n\t\t\t\tActinidia arguta in C2 containers\n\t\t\t\t<\/dd><\/dl><br style=\"clear: both\" \/>\n\t\t<\/div>\n\n<div id='gallery-5' class='gallery galleryid-9296 gallery-columns-3 gallery-size-full'><dl class='gallery-item'>\n\t\t\t<dt class='gallery-icon landscape'>\n\t\t\t\t<a href='http:\/\/tiexianlian.cn\/wp-content\/uploads\/2020\/03\/05aasortyment_graham_thomas_c2.jpg'><img loading=\"lazy\" decoding=\"async\" width=\"340\" height=\"227\" src=\"http:\/\/tiexianlian.cn\/wp-content\/uploads\/2020\/03\/05aasortyment_graham_thomas_c2.jpg\" class=\"attachment-full size-full\" alt=\"\" aria-describedby=\"gallery-5-95\" srcset=\"http:\/\/tiexianlian.cn\/wp-content\/uploads\/2020\/03\/05aasortyment_graham_thomas_c2.jpg 340w, http:\/\/tiexianlian.cn\/wp-content\/uploads\/2020\/03\/05aasortyment_graham_thomas_c2-300x200.jpg 300w\" sizes=\"auto, (max-width: 340px) 100vw, 340px\" \/><\/a>\n\t\t\t<\/dt>\n\t\t\t\t<dd class='wp-caption-text gallery-caption' id='gallery-5-95'>\n\t\t\t\tLonicera periclymenum &#8216;Graham Thomas&#8217; in C2 containers\n\t\t\t\t<\/dd><\/dl><dl class='gallery-item'>\n\t\t\t<dt class='gallery-icon landscape'>\n\t\t\t\t<a href='http:\/\/tiexianlian.cn\/wp-content\/uploads\/2020\/03\/05basortyment_akebia_c2.jpg'><img loading=\"lazy\" decoding=\"async\" width=\"340\" height=\"227\" src=\"http:\/\/tiexianlian.cn\/wp-content\/uploads\/2020\/03\/05basortyment_akebia_c2.jpg\" class=\"attachment-full size-full\" alt=\"\" aria-describedby=\"gallery-5-97\" srcset=\"http:\/\/tiexianlian.cn\/wp-content\/uploads\/2020\/03\/05basortyment_akebia_c2.jpg 340w, http:\/\/tiexianlian.cn\/wp-content\/uploads\/2020\/03\/05basortyment_akebia_c2-300x200.jpg 300w\" sizes=\"auto, (max-width: 340px) 100vw, 340px\" \/><\/a>\n\t\t\t<\/dt>\n\t\t\t\t<dd class='wp-caption-text gallery-caption' id='gallery-5-97'>\n\t\t\t\tAkebia quinata in C2 containers\n\t\t\t\t<\/dd><\/dl><dl class='gallery-item'>\n\t\t\t<dt class='gallery-icon landscape'>\n\t\t\t\t<a href='http:\/\/tiexianlian.cn\/wp-content\/uploads\/2020\/03\/06aasortyment_campsis_c2.jpg'><img loading=\"lazy\" decoding=\"async\" width=\"340\" height=\"227\" src=\"http:\/\/tiexianlian.cn\/wp-content\/uploads\/2020\/03\/06aasortyment_campsis_c2.jpg\" class=\"attachment-full size-full\" alt=\"\" aria-describedby=\"gallery-5-99\" srcset=\"http:\/\/tiexianlian.cn\/wp-content\/uploads\/2020\/03\/06aasortyment_campsis_c2.jpg 340w, http:\/\/tiexianlian.cn\/wp-content\/uploads\/2020\/03\/06aasortyment_campsis_c2-300x200.jpg 300w\" sizes=\"auto, (max-width: 340px) 100vw, 340px\" \/><\/a>\n\t\t\t<\/dt>\n\t\t\t\t<dd class='wp-caption-text gallery-caption' id='gallery-5-99'>\n\t\t\t\tCampsis radicans in C2 containers\n\t\t\t\t<\/dd><\/dl><br style=\"clear: both\" \/>\n\t\t<\/div>\n\n<div id='gallery-6' class='gallery galleryid-9296 gallery-columns-3 gallery-size-full'><dl class='gallery-item'>\n\t\t\t<dt class='gallery-icon landscape'>\n\t\t\t\t<a href='http:\/\/tiexianlian.cn\/wp-content\/uploads\/2020\/03\/06basortyment_clematis_c2_widok.jpg'><img loading=\"lazy\" decoding=\"async\" width=\"340\" height=\"227\" src=\"http:\/\/tiexianlian.cn\/wp-content\/uploads\/2020\/03\/06basortyment_clematis_c2_widok.jpg\" class=\"attachment-full size-full\" alt=\"\" aria-describedby=\"gallery-6-102\" srcset=\"http:\/\/tiexianlian.cn\/wp-content\/uploads\/2020\/03\/06basortyment_clematis_c2_widok.jpg 340w, http:\/\/tiexianlian.cn\/wp-content\/uploads\/2020\/03\/06basortyment_clematis_c2_widok-300x200.jpg 300w\" sizes=\"auto, (max-width: 340px) 100vw, 340px\" \/><\/a>\n\t\t\t<\/dt>\n\t\t\t\t<dd class='wp-caption-text gallery-caption' id='gallery-6-102'>\n\t\t\t\tClematis in C2 &#8211; view on nursery plots\n\t\t\t\t<\/dd><\/dl><dl class='gallery-item'>\n\t\t\t<dt class='gallery-icon landscape'>\n\t\t\t\t<a href='http:\/\/tiexianlian.cn\/wp-content\/uploads\/2020\/03\/07aasortyment_piilu_c2.jpg'><img loading=\"lazy\" decoding=\"async\" width=\"340\" height=\"227\" src=\"http:\/\/tiexianlian.cn\/wp-content\/uploads\/2020\/03\/07aasortyment_piilu_c2.jpg\" class=\"attachment-full size-full\" alt=\"\" aria-describedby=\"gallery-6-104\" srcset=\"http:\/\/tiexianlian.cn\/wp-content\/uploads\/2020\/03\/07aasortyment_piilu_c2.jpg 340w, http:\/\/tiexianlian.cn\/wp-content\/uploads\/2020\/03\/07aasortyment_piilu_c2-300x200.jpg 300w\" sizes=\"auto, (max-width: 340px) 100vw, 340px\" \/><\/a>\n\t\t\t<\/dt>\n\t\t\t\t<dd class='wp-caption-text gallery-caption' id='gallery-6-104'>\n\t\t\t\tClematis &#8216;Piilu&#8217; in C2 &#8211; view on nursery plots\n\t\t\t\t<\/dd><\/dl><dl class='gallery-item'>\n\t\t\t<dt class='gallery-icon landscape'>\n\t\t\t\t<a href='http:\/\/tiexianlian.cn\/wp-content\/uploads\/2020\/03\/07basortyment_prince_charles_c2.jpg'><img loading=\"lazy\" decoding=\"async\" width=\"340\" height=\"227\" src=\"http:\/\/tiexianlian.cn\/wp-content\/uploads\/2020\/03\/07basortyment_prince_charles_c2.jpg\" class=\"attachment-full size-full\" alt=\"\" aria-describedby=\"gallery-6-106\" srcset=\"http:\/\/tiexianlian.cn\/wp-content\/uploads\/2020\/03\/07basortyment_prince_charles_c2.jpg 340w, http:\/\/tiexianlian.cn\/wp-content\/uploads\/2020\/03\/07basortyment_prince_charles_c2-300x200.jpg 300w\" sizes=\"auto, (max-width: 340px) 100vw, 340px\" \/><\/a>\n\t\t\t<\/dt>\n\t\t\t\t<dd class='wp-caption-text gallery-caption' id='gallery-6-106'>\n\t\t\t\tClematis &#8216;Prince Charles&#8217; in C2 &#8211; view on nursery plots\n\t\t\t\t<\/dd><\/dl><br style=\"clear: both\" \/>\n\t\t<\/div>\n\n<div id='gallery-7' class='gallery galleryid-9296 gallery-columns-3 gallery-size-full'><dl class='gallery-item'>\n\t\t\t<dt class='gallery-icon portrait'>\n\t\t\t\t<a href='http:\/\/tiexianlian.cn\/wp-content\/uploads\/2020\/03\/08aasortyment_clematis_c2_widok1.jpg'><img loading=\"lazy\" decoding=\"async\" width=\"218\" height=\"327\" src=\"http:\/\/tiexianlian.cn\/wp-content\/uploads\/2020\/03\/08aasortyment_clematis_c2_widok1.jpg\" class=\"attachment-full size-full\" alt=\"\" aria-describedby=\"gallery-7-108\" srcset=\"http:\/\/tiexianlian.cn\/wp-content\/uploads\/2020\/03\/08aasortyment_clematis_c2_widok1.jpg 218w, http:\/\/tiexianlian.cn\/wp-content\/uploads\/2020\/03\/08aasortyment_clematis_c2_widok1-200x300.jpg 200w\" sizes=\"auto, (max-width: 218px) 100vw, 218px\" \/><\/a>\n\t\t\t<\/dt>\n\t\t\t\t<dd class='wp-caption-text gallery-caption' id='gallery-7-108'>\n\t\t\t\tClematis in C2 &#8211; view on nursery plots\n\t\t\t\t<\/dd><\/dl><dl class='gallery-item'>\n\t\t\t<dt class='gallery-icon portrait'>\n\t\t\t\t<a href='http:\/\/tiexianlian.cn\/wp-content\/uploads\/2020\/03\/08basortment_clematis_blekitny_aniol_skrzynka.jpg'><img loading=\"lazy\" decoding=\"async\" width=\"218\" height=\"327\" src=\"http:\/\/tiexianlian.cn\/wp-content\/uploads\/2020\/03\/08basortment_clematis_blekitny_aniol_skrzynka.jpg\" class=\"attachment-full size-full\" alt=\"\" aria-describedby=\"gallery-7-110\" srcset=\"http:\/\/tiexianlian.cn\/wp-content\/uploads\/2020\/03\/08basortment_clematis_blekitny_aniol_skrzynka.jpg 218w, http:\/\/tiexianlian.cn\/wp-content\/uploads\/2020\/03\/08basortment_clematis_blekitny_aniol_skrzynka-200x300.jpg 200w\" sizes=\"auto, (max-width: 218px) 100vw, 218px\" \/><\/a>\n\t\t\t<\/dt>\n\t\t\t\t<dd class='wp-caption-text gallery-caption' id='gallery-7-110'>\n\t\t\t\tClematis in C2 containers &#8211; Clematis \u2018B\u0142\u0119kitny Anio\u0142\u2019\n\t\t\t\t<\/dd><\/dl><dl class='gallery-item'>\n\t\t\t<dt class='gallery-icon portrait'>\n\t\t\t\t<a href='http:\/\/tiexianlian.cn\/wp-content\/uploads\/2020\/03\/08casortyment_clematis_pink_flamingo.jpg'><img loading=\"lazy\" decoding=\"async\" width=\"218\" height=\"327\" src=\"http:\/\/tiexianlian.cn\/wp-content\/uploads\/2020\/03\/08casortyment_clematis_pink_flamingo.jpg\" class=\"attachment-full size-full\" alt=\"\" aria-describedby=\"gallery-7-112\" srcset=\"http:\/\/tiexianlian.cn\/wp-content\/uploads\/2020\/03\/08casortyment_clematis_pink_flamingo.jpg 218w, http:\/\/tiexianlian.cn\/wp-content\/uploads\/2020\/03\/08casortyment_clematis_pink_flamingo-200x300.jpg 200w\" sizes=\"auto, (max-width: 218px) 100vw, 218px\" \/><\/a>\n\t\t\t<\/dt>\n\t\t\t\t<dd class='wp-caption-text gallery-caption' id='gallery-7-112'>\n\t\t\t\tClematis \u2018Pink Flamingo\u2019 in C2\n\t\t\t\t<\/dd><\/dl><br style=\"clear: both\" \/>\n\t\t<\/div>\n\n<div id='gallery-8' class='gallery galleryid-9296 gallery-columns-2 gallery-size-full'><dl class='gallery-item'>\n\t\t\t<dt class='gallery-icon landscape'>\n\t\t\t\t<a href='http:\/\/tiexianlian.cn\/wp-content\/uploads\/2020\/03\/09aasortyment_pakowanie.jpg'><img loading=\"lazy\" decoding=\"async\" width=\"340\" height=\"227\" src=\"http:\/\/tiexianlian.cn\/wp-content\/uploads\/2020\/03\/09aasortyment_pakowanie.jpg\" class=\"attachment-full size-full\" alt=\"\" aria-describedby=\"gallery-8-114\" srcset=\"http:\/\/tiexianlian.cn\/wp-content\/uploads\/2020\/03\/09aasortyment_pakowanie.jpg 340w, http:\/\/tiexianlian.cn\/wp-content\/uploads\/2020\/03\/09aasortyment_pakowanie-300x200.jpg 300w\" sizes=\"auto, (max-width: 340px) 100vw, 340px\" \/><\/a>\n\t\t\t<\/dt>\n\t\t\t\t<dd class='wp-caption-text gallery-caption' id='gallery-8-114'>\n\t\t\t\tPlants before loading\n\t\t\t\t<\/dd><\/dl><dl class='gallery-item'>\n\t\t\t<dt class='gallery-icon landscape'>\n\t\t\t\t<a href='http:\/\/tiexianlian.cn\/wp-content\/uploads\/2020\/03\/09basortyment_vinca_p9.jpg'><img loading=\"lazy\" decoding=\"async\" width=\"340\" height=\"227\" src=\"http:\/\/tiexianlian.cn\/wp-content\/uploads\/2020\/03\/09basortyment_vinca_p9.jpg\" class=\"attachment-full size-full\" alt=\"\" aria-describedby=\"gallery-8-116\" srcset=\"http:\/\/tiexianlian.cn\/wp-content\/uploads\/2020\/03\/09basortyment_vinca_p9.jpg 340w, http:\/\/tiexianlian.cn\/wp-content\/uploads\/2020\/03\/09basortyment_vinca_p9-300x200.jpg 300w\" sizes=\"auto, (max-width: 340px) 100vw, 340px\" \/><\/a>\n\t\t\t<\/dt>\n\t\t\t\t<dd class='wp-caption-text gallery-caption' id='gallery-8-116'>\n\t\t\t\tVinca minor in pots P9 before loading\n\t\t\t\t<\/dd><\/dl><br style=\"clear: both\" \/>\n\t\t<\/div>\n\n<div id='gallery-9' class='gallery galleryid-9296 gallery-columns-3 gallery-size-full'><dl class='gallery-item'>\n\t\t\t<dt class='gallery-icon portrait'>\n\t\t\t\t<a href='http:\/\/tiexianlian.cn\/wp-content\/uploads\/2020\/03\/10casortyment_actinidia_c10.jpg'><img loading=\"lazy\" decoding=\"async\" width=\"218\" height=\"327\" src=\"http:\/\/tiexianlian.cn\/wp-content\/uploads\/2020\/03\/10casortyment_actinidia_c10.jpg\" class=\"attachment-full size-full\" alt=\"\" aria-describedby=\"gallery-9-123\" srcset=\"http:\/\/tiexianlian.cn\/wp-content\/uploads\/2020\/03\/10casortyment_actinidia_c10.jpg 218w, http:\/\/tiexianlian.cn\/wp-content\/uploads\/2020\/03\/10casortyment_actinidia_c10-200x300.jpg 200w\" sizes=\"auto, (max-width: 218px) 100vw, 218px\" \/><\/a>\n\t\t\t<\/dt>\n\t\t\t\t<dd class='wp-caption-text gallery-caption' id='gallery-9-123'>\n\t\t\t\tWisteria in C10 containers before loading\n\t\t\t\t<\/dd><\/dl><dl class='gallery-item'>\n\t\t\t<dt class='gallery-icon portrait'>\n\t\t\t\t<a href='http:\/\/tiexianlian.cn\/wp-content\/uploads\/2020\/03\/10beksport_skrzyniopalety_z_14cm.jpg'><img loading=\"lazy\" decoding=\"async\" width=\"218\" height=\"327\" src=\"http:\/\/tiexianlian.cn\/wp-content\/uploads\/2020\/03\/10beksport_skrzyniopalety_z_14cm.jpg\" class=\"attachment-full size-full\" alt=\"\" aria-describedby=\"gallery-9-121\" srcset=\"http:\/\/tiexianlian.cn\/wp-content\/uploads\/2020\/03\/10beksport_skrzyniopalety_z_14cm.jpg 218w, http:\/\/tiexianlian.cn\/wp-content\/uploads\/2020\/03\/10beksport_skrzyniopalety_z_14cm-200x300.jpg 200w\" sizes=\"auto, (max-width: 218px) 100vw, 218px\" \/><\/a>\n\t\t\t<\/dt>\n\t\t\t\t<dd class='wp-caption-text gallery-caption' id='gallery-9-121'>\n\t\t\t\tPlants in pallet box\n\t\t\t\t<\/dd><\/dl><dl class='gallery-item'>\n\t\t\t<dt class='gallery-icon portrait'>\n\t\t\t\t<a href='http:\/\/tiexianlian.cn\/wp-content\/uploads\/2020\/03\/10aasortyment_wisteria_c10.jpg'><img loading=\"lazy\" decoding=\"async\" width=\"218\" height=\"327\" src=\"http:\/\/tiexianlian.cn\/wp-content\/uploads\/2020\/03\/10aasortyment_wisteria_c10.jpg\" class=\"attachment-full size-full\" alt=\"\" aria-describedby=\"gallery-9-119\" srcset=\"http:\/\/tiexianlian.cn\/wp-content\/uploads\/2020\/03\/10aasortyment_wisteria_c10.jpg 218w, http:\/\/tiexianlian.cn\/wp-content\/uploads\/2020\/03\/10aasortyment_wisteria_c10-200x300.jpg 200w\" sizes=\"auto, (max-width: 218px) 100vw, 218px\" \/><\/a>\n\t\t\t<\/dt>\n\t\t\t\t<dd class='wp-caption-text gallery-caption' id='gallery-9-119'>\n\t\t\t\tActinidia in C10 containers before loading\n\t\t\t\t<\/dd><\/dl><br style=\"clear: both\" \/>\n\t\t<\/div>\n\n<div id='gallery-10' class='gallery galleryid-9296 gallery-columns-2 gallery-size-full'><dl class='gallery-item'>\n\t\t\t<dt class='gallery-icon landscape'>\n\t\t\t\t<a href='http:\/\/tiexianlian.cn\/wp-content\/uploads\/2020\/03\/11aasortyment_clematis_p9_skrzyn.jpg'><img loading=\"lazy\" decoding=\"async\" width=\"340\" height=\"227\" src=\"http:\/\/tiexianlian.cn\/wp-content\/uploads\/2020\/03\/11aasortyment_clematis_p9_skrzyn.jpg\" class=\"attachment-full size-full\" alt=\"\" aria-describedby=\"gallery-10-125\" srcset=\"http:\/\/tiexianlian.cn\/wp-content\/uploads\/2020\/03\/11aasortyment_clematis_p9_skrzyn.jpg 340w, http:\/\/tiexianlian.cn\/wp-content\/uploads\/2020\/03\/11aasortyment_clematis_p9_skrzyn-300x200.jpg 300w\" sizes=\"auto, (max-width: 340px) 100vw, 340px\" \/><\/a>\n\t\t\t<\/dt>\n\t\t\t\t<dd class='wp-caption-text gallery-caption' id='gallery-10-125'>\n\t\t\t\tClematis in pots P9 in wooden pallet box\n\t\t\t\t<\/dd><\/dl><dl class='gallery-item'>\n\t\t\t<dt class='gallery-icon landscape'>\n\t\t\t\t<a href='http:\/\/tiexianlian.cn\/wp-content\/uploads\/2020\/03\/11basortyment_ladowanie.jpg'><img loading=\"lazy\" decoding=\"async\" width=\"340\" height=\"227\" src=\"http:\/\/tiexianlian.cn\/wp-content\/uploads\/2020\/03\/11basortyment_ladowanie.jpg\" class=\"attachment-full size-full\" alt=\"\" aria-describedby=\"gallery-10-127\" srcset=\"http:\/\/tiexianlian.cn\/wp-content\/uploads\/2020\/03\/11basortyment_ladowanie.jpg 340w, http:\/\/tiexianlian.cn\/wp-content\/uploads\/2020\/03\/11basortyment_ladowanie-300x200.jpg 300w\" sizes=\"auto, (max-width: 340px) 100vw, 340px\" \/><\/a>\n\t\t\t<\/dt>\n\t\t\t\t<dd class='wp-caption-text gallery-caption' id='gallery-10-127'>\n\t\t\t\tPlants loading\n\t\t\t\t<\/dd><\/dl><br style=\"clear: both\" \/>\n\t\t<\/div>\n\n<p>&nbsp;<\/p>\n","protected":false},"excerpt":{"rendered":"<p>We can offer\u00a0Clematis and other garden climbers in pots [&hellip;]<\/p>\n","protected":false},"author":1,"featured_media":0,"parent":12525,"menu_order":0,"comment_status":"closed","ping_status":"closed","template":"","meta":{"_acf_changed":false,"footnotes":""},"class_list":["post-9296","page","type-page","status-publish","hentry"],"acf":[],"_links":{"self":[{"href":"http:\/\/tiexianlian.cn\/zh-hant\/wp-json\/wp\/v2\/pages\/9296","targetHints":{"allow":["GET"]}}],"collection":[{"href":"http:\/\/tiexianlian.cn\/zh-hant\/wp-json\/wp\/v2\/pages"}],"about":[{"href":"http:\/\/tiexianlian.cn\/zh-hant\/wp-json\/wp\/v2\/types\/page"}],"author":[{"embeddable":true,"href":"http:\/\/tiexianlian.cn\/zh-hant\/wp-json\/wp\/v2\/users\/1"}],"replies":[{"embeddable":true,"href":"http:\/\/tiexianlian.cn\/zh-hant\/wp-json\/wp\/v2\/comments?post=9296"}],"version-history":[{"count":3,"href":"http:\/\/tiexianlian.cn\/zh-hant\/wp-json\/wp\/v2\/pages\/9296\/revisions"}],"predecessor-version":[{"id":12516,"href":"http:\/\/tiexianlian.cn\/zh-hant\/wp-json\/wp\/v2\/pages\/9296\/revisions\/12516"}],"up":[{"embeddable":true,"href":"http:\/\/tiexianlian.cn\/zh-hant\/wp-json\/wp\/v2\/pages\/12525"}],"wp:attachment":[{"href":"http:\/\/tiexianlian.cn\/zh-hant\/wp-json\/wp\/v2\/media?parent=9296"}],"curies":[{"name":"wp","href":"https:\/\/api.w.org\/{rel}","templated":true}]}}