{"id":9291,"date":"2020-03-21T20:50:21","date_gmt":"2020-03-21T19:50:21","guid":{"rendered":"http:\/\/tiexianlian.cn\/contact\/"},"modified":"2020-05-22T08:02:21","modified_gmt":"2020-05-22T06:02:21","slug":"contact","status":"publish","type":"page","link":"http:\/\/tiexianlian.cn\/zh-hant\/contact\/","title":{"rendered":"\u8054\u7cfb\u6211\u4eec"},"content":{"rendered":"<p><img loading=\"lazy\" decoding=\"async\" class=\"alignright size-full wp-image-432\" src=\"http:\/\/tiexianlian.cn\/wp-content\/uploads\/2020\/03\/widok_szkolki1.jpg\" alt=\"\" width=\"300\" height=\"200\" srcset=\"http:\/\/tiexianlian.cn\/wp-content\/uploads\/2020\/03\/widok_szkolki1.jpg 300w, http:\/\/tiexianlian.cn\/wp-content\/uploads\/2020\/03\/widok_szkolki1-285x190.jpg 285w\" sizes=\"auto, (max-width: 300px) 100vw, 300px\" \/><strong>CLEMATIS \u0179r\u00f3d\u0142o Dobrych Pn\u0105czy<\/strong><br \/>\n<strong>\u94c1\u7ebf\u83b2 &#8220;\u4f18\u85e4\u5bb6&#8221;\u82d7\u5703<\/strong><br \/>\n<strong>Sp\u00f3\u0142ka z ograniczon\u0105 odpowiedzialno\u015bci\u0105 Sp. k.<\/strong><br \/>\n\u6ce2\u5170\u5730\u5740\uff1aul. Duchnicka 27, 05-800 Pruszk\u00f3w, Poland<br \/>\n\u603b\u90e8\u5730\u5740\uff1a\u4e0a\u6d77\u5e02\u4e2d\u5c71\u5317\u8def2130\u53f7<\/p>\n<p>\u6ce2\u5170\u7535\u8bdd\uff1a <a href=\"tel:+48 22 722 26 64\">+48 22 722 26 64<\/a><br \/>\n\u4f20\u771f\uff1a <a href=\"tel:+48 22 722 26 63\">+48 22 722 26 63<\/a><\/p>\n<p>\u7535\u5b50\u90ae\u7bb1: <a href=\"mailto:clematis1@clematis.com.pl\">clematis1@clematis.com.pl<\/a><\/p>\n","protected":false},"excerpt":{"rendered":"<p>CLEMATIS \u0179r\u00f3d\u0142o Dobrych Pn\u0105czy \u94c1\u7ebf\u83b2 &#8220;\u4f18\u85e4\u5bb6&#8221;\u82d7\u5703  [&hellip;]<\/p>\n","protected":false},"author":1,"featured_media":0,"parent":0,"menu_order":0,"comment_status":"closed","ping_status":"closed","template":"","meta":{"_acf_changed":false,"footnotes":""},"class_list":["post-9291","page","type-page","status-publish","hentry"],"acf":[],"_links":{"self":[{"href":"http:\/\/tiexianlian.cn\/zh-hant\/wp-json\/wp\/v2\/pages\/9291","targetHints":{"allow":["GET"]}}],"collection":[{"href":"http:\/\/tiexianlian.cn\/zh-hant\/wp-json\/wp\/v2\/pages"}],"about":[{"href":"http:\/\/tiexianlian.cn\/zh-hant\/wp-json\/wp\/v2\/types\/page"}],"author":[{"embeddable":true,"href":"http:\/\/tiexianlian.cn\/zh-hant\/wp-json\/wp\/v2\/users\/1"}],"replies":[{"embeddable":true,"href":"http:\/\/tiexianlian.cn\/zh-hant\/wp-json\/wp\/v2\/comments?post=9291"}],"version-history":[{"count":3,"href":"http:\/\/tiexianlian.cn\/zh-hant\/wp-json\/wp\/v2\/pages\/9291\/revisions"}],"predecessor-version":[{"id":12690,"href":"http:\/\/tiexianlian.cn\/zh-hant\/wp-json\/wp\/v2\/pages\/9291\/revisions\/12690"}],"wp:attachment":[{"href":"http:\/\/tiexianlian.cn\/zh-hant\/wp-json\/wp\/v2\/media?parent=9291"}],"curies":[{"name":"wp","href":"https:\/\/api.w.org\/{rel}","templated":true}]}}